{"id":61132,"date":"2023-09-28T13:36:14","date_gmt":"2023-09-28T13:36:14","guid":{"rendered":"https:\/\/live.atlasrenewableenergy?page_id=61132"},"modified":"2023-10-02T01:25:44","modified_gmt":"2023-10-02T01:25:44","slug":"get-a-personalized-offer-from-our-team","status":"publish","type":"page","link":"https:\/\/atlasrenewableenergy.com\/pt\/get-a-personalized-offer-from-our-team\/","title":{"rendered":"Get a personalized offer from our team"},"content":{"rendered":"<div class=\"wpforms-container wpforms-container-full\" id=\"wpforms-61144\"><form id=\"wpforms-form-61144\" class=\"wpforms-validate wpforms-form wpforms-ajax-form\" data-formid=\"61144\" method=\"post\" enctype=\"multipart\/form-data\" action=\"\/pt\/wp-json\/wp\/v2\/pages\/61132\" data-token=\"014e5031231b3c33a000728b6c4c5062\" data-token-time=\"1776481408\"><noscript class=\"wpforms-error-noscript\">Ative o JavaScript no seu navegador para preencher este formul\u00e1rio.<\/noscript><div class=\"wpforms-field-container\"><div id=\"wpforms-61144-field_14-container\" class=\"wpforms-field wpforms-field-layout\" data-field-id=\"14\"><label class=\"wpforms-field-label wpforms-label-hide\">Layout (copy) (copy)<\/label><div class=\"wpforms-field-layout-columns wpforms-field-layout-preset-50-50\"><div class=\"wpforms-layout-column wpforms-layout-column-50\" ><div id=\"wpforms-61144-field_15-container\" class=\"wpforms-field wpforms-field-text\" data-field-id=\"15\"><label class=\"wpforms-field-label\" for=\"wpforms-61144-field_15\">Nome completo <span class=\"wpforms-required-label\">*<\/span><\/label><input type=\"text\" id=\"wpforms-61144-field_15\" class=\"wpforms-field-small wpforms-field-required\" name=\"wpforms[fields][15]\" placeholder=\"John Smith\" required><\/div><\/div><div class=\"wpforms-layout-column wpforms-layout-column-50\" ><div id=\"wpforms-61144-field_12-container\" class=\"wpforms-field wpforms-field-text\" data-field-id=\"12\"><label class=\"wpforms-field-label\" for=\"wpforms-61144-field_12\">Empresa <span class=\"wpforms-required-label\">*<\/span><\/label><input type=\"text\" id=\"wpforms-61144-field_12\" class=\"wpforms-field-small wpforms-field-required\" name=\"wpforms[fields][12]\" placeholder=\"Atlas Renewable Energy\" required><\/div><\/div><\/div><\/div><div id=\"wpforms-61144-field_11-container\" class=\"wpforms-field wpforms-field-layout\" data-field-id=\"11\"><label class=\"wpforms-field-label wpforms-label-hide\">Layout (copy)<\/label><div class=\"wpforms-field-layout-columns wpforms-field-layout-preset-50-50\"><div class=\"wpforms-layout-column wpforms-layout-column-50\" ><div id=\"wpforms-61144-field_16-container\" class=\"wpforms-field wpforms-field-text\" data-field-id=\"16\"><label class=\"wpforms-field-label\" for=\"wpforms-61144-field_16\">Cargo <span class=\"wpforms-required-label\">*<\/span><\/label><input type=\"text\" id=\"wpforms-61144-field_16\" class=\"wpforms-field-small wpforms-field-required\" name=\"wpforms[fields][16]\" placeholder=\"Marketing Director\" required><\/div><\/div><div class=\"wpforms-layout-column wpforms-layout-column-50\" ><div id=\"wpforms-61144-field_13-container\" class=\"wpforms-field wpforms-field-text\" data-field-id=\"13\"><label class=\"wpforms-field-label\" for=\"wpforms-61144-field_13\">E-mail <span class=\"wpforms-required-label\">*<\/span><\/label><input type=\"text\" id=\"wpforms-61144-field_13\" class=\"wpforms-field-small wpforms-field-required\" name=\"wpforms[fields][13]\" placeholder=\"johnsmith@atlasenergy.com\" required><\/div><\/div><\/div><\/div><div id=\"wpforms-61144-field_10-container\" class=\"wpforms-field wpforms-field-layout\" data-field-id=\"10\"><label class=\"wpforms-field-label wpforms-label-hide\">Layout<\/label><div class=\"wpforms-field-layout-columns wpforms-field-layout-preset-50-50\"><div class=\"wpforms-layout-column wpforms-layout-column-50\" ><div id=\"wpforms-61144-field_4-container\" class=\"wpforms-field wpforms-field-text\" data-field-id=\"4\"><label class=\"wpforms-field-label\" for=\"wpforms-61144-field_4\">N\u00famero de telefone <span class=\"wpforms-required-label\">*<\/span><\/label><input type=\"text\" id=\"wpforms-61144-field_4\" class=\"wpforms-field-small wpforms-field-required\" name=\"wpforms[fields][4]\" placeholder=\"1 234 567 8901\" required><\/div><\/div><div class=\"wpforms-layout-column wpforms-layout-column-50\" ><div id=\"wpforms-61144-field_19-container\" class=\"wpforms-field wpforms-field-select wpforms-field-select-style-modern\" data-field-id=\"19\"><label class=\"wpforms-field-label\" for=\"wpforms-61144-field_19\">Pa\u00eds<\/label><select id=\"wpforms-61144-field_19\" class=\"wpforms-field-medium choicesjs-select\" data-size-class=\"wpforms-field-row wpforms-field-medium\" data-search-enabled=\"\" name=\"wpforms[fields][19]\"><option value=\"\" class=\"placeholder\" disabled  selected='selected'>Brasil<\/option><option value=\"Brasil\" >Brasil<\/option><option value=\"Col\u00f4mbia\" >Col\u00f4mbia<\/option><option value=\"Chile\" >Chile<\/option><option value=\"M\u00e9xico\" >M\u00e9xico<\/option><option value=\"Espanha\" >Espanha<\/option><option value=\"Estados Unidos\" >Estados Unidos<\/option><option value=\"Outros\" >Outros<\/option><\/select><\/div><\/div><\/div><\/div><div id=\"wpforms-61144-field_17-container\" class=\"wpforms-field wpforms-field-textarea\" data-field-id=\"17\"><label class=\"wpforms-field-label\" for=\"wpforms-61144-field_17\">Mensagem <span class=\"wpforms-required-label\">*<\/span><\/label><textarea id=\"wpforms-61144-field_17\" class=\"wpforms-field-medium wpforms-field-required\" name=\"wpforms[fields][17]\" placeholder=\"adicione o m\u00e1ximo poss\u00edvel de informa\u00e7\u00f5es relacionadas \u00e0 sua empresa para melhor ajud\u00e1-lo.\" required><\/textarea><\/div><div id=\"wpforms-61144-field_18-container\" class=\"wpforms-field wpforms-field-checkbox\" data-field-id=\"18\"><label class=\"wpforms-field-label wpforms-label-hide\" for=\"wpforms-61144-field_18\">Aceitar os aviso de privacidade <span class=\"wpforms-required-label\">*<\/span><\/label><ul id=\"wpforms-61144-field_18\" class=\"wpforms-field-required\"><li class=\"choice-1 depth-1\"><input type=\"checkbox\" id=\"wpforms-61144-field_18_1\" name=\"wpforms[fields][18][]\" value=\"Aceitar os &lt;a href=&quot;\/pt\/privacy-notice\/&quot; target=&quot;_blank&quot;&gt;aviso de privacidade&lt;\/a&gt;.\" required ><label class=\"wpforms-field-label-inline\" for=\"wpforms-61144-field_18_1\">Aceitar os <a href=\"\/pt\/privacy-notice\/\" target=\"_blank\">aviso de privacidade<\/a>.<\/label><\/li><\/ul><\/div><\/div><!-- .wpforms-field-container --><div class=\"wpforms-submit-container\" ><input type=\"hidden\" name=\"wpforms[id]\" value=\"61144\"><input type=\"hidden\" name=\"page_title\" value=\"\"><input type=\"hidden\" name=\"page_url\" value=\"https:\/\/atlasrenewableenergy.com\/pt\/wp-json\/wp\/v2\/pages\/61132\"><button type=\"submit\" name=\"wpforms[submit]\" id=\"wpforms-submit-61144\" class=\"wpforms-submit\" data-alt-text=\"Enviar...\" data-submit-text=\"Enviar\" aria-live=\"assertive\" value=\"wpforms-submit\">Enviar<\/button><img loading=\"lazy\" decoding=\"async\" src=\"https:\/\/atlasrenewableenergy.com\/wp-content\/plugins\/wpforms\/assets\/images\/submit-spin.svg\" class=\"wpforms-submit-spinner\" style=\"display: none;\" width=\"26\" height=\"26\" alt=\"Carregando\"><\/div><\/form><\/div>  <!-- .wpforms-container -->\n","protected":false},"excerpt":{"rendered":"","protected":false},"author":1,"featured_media":0,"parent":0,"menu_order":19,"comment_status":"closed","ping_status":"closed","template":"","meta":{"_acf_changed":false,"footnotes":""},"class_list":["post-61132","page","type-page","status-publish","hentry"],"acf":{"page-nextjs-component":"","seo_page_title":"Atlas Renewable Energy \u2013 Powered by Excellence","seo_page_description":"Atlas is at the forefront in developing and operating clean energy projects in Latin America."},"_links":{"self":[{"href":"https:\/\/atlasrenewableenergy.com\/pt\/wp-json\/wp\/v2\/pages\/61132","targetHints":{"allow":["GET"]}}],"collection":[{"href":"https:\/\/atlasrenewableenergy.com\/pt\/wp-json\/wp\/v2\/pages"}],"about":[{"href":"https:\/\/atlasrenewableenergy.com\/pt\/wp-json\/wp\/v2\/types\/page"}],"author":[{"embeddable":true,"href":"https:\/\/atlasrenewableenergy.com\/pt\/wp-json\/wp\/v2\/users\/1"}],"replies":[{"embeddable":true,"href":"https:\/\/atlasrenewableenergy.com\/pt\/wp-json\/wp\/v2\/comments?post=61132"}],"version-history":[{"count":0,"href":"https:\/\/atlasrenewableenergy.com\/pt\/wp-json\/wp\/v2\/pages\/61132\/revisions"}],"wp:attachment":[{"href":"https:\/\/atlasrenewableenergy.com\/pt\/wp-json\/wp\/v2\/media?parent=61132"}],"curies":[{"name":"wp","href":"https:\/\/api.w.org\/{rel}","templated":true}]}}